{"id":10188,"date":"2026-03-12T17:12:31","date_gmt":"2026-03-12T16:12:31","guid":{"rendered":"https:\/\/www.hope-apartments.de\/?page_id=10188"},"modified":"2026-03-12T17:25:38","modified_gmt":"2026-03-12T16:25:38","slug":"standorte","status":"publish","type":"page","link":"https:\/\/www.hope-apartments.de\/en\/standorte\/","title":{"rendered":"Standorte"},"content":{"rendered":"[vc_row type=&#8221;full_width_background&#8221; full_screen_row_position=&#8221;middle&#8221; column_margin=&#8221;default&#8221; column_direction=&#8221;default&#8221; column_direction_tablet=&#8221;default&#8221; column_direction_phone=&#8221;default&#8221; bg_image=&#8221;7628&#8243; bg_position=&#8221;left top&#8221; background_image_loading=&#8221;default&#8221; bg_repeat=&#8221;no-repeat&#8221; scene_position=&#8221;center&#8221; text_color=&#8221;dark&#8221; text_align=&#8221;left&#8221; row_border_radius=&#8221;none&#8221; row_border_radius_applies=&#8221;bg&#8221; overflow=&#8221;visible&#8221; overlay_strength=&#8221;0.3&#8243; gradient_direction=&#8221;left_to_right&#8221; shape_divider_position=&#8221;bottom&#8221; bg_image_animation=&#8221;none&#8221; gradient_type=&#8221;default&#8221; shape_type=&#8221;&#8221;][vc_column column_padding=&#8221;no-extra-padding&#8221; column_padding_tablet=&#8221;inherit&#8221; column_padding_phone=&#8221;inherit&#8221; column_padding_position=&#8221;all&#8221; column_element_direction_desktop=&#8221;default&#8221; column_element_spacing=&#8221;default&#8221; centered_text=&#8221;true&#8221; desktop_text_alignment=&#8221;default&#8221; tablet_text_alignment=&#8221;default&#8221; phone_text_alignment=&#8221;default&#8221; background_color_opacity=&#8221;1&#8243; background_hover_color_opacity=&#8221;1&#8243; column_backdrop_filter=&#8221;none&#8221; column_shadow=&#8221;none&#8221; column_border_radius=&#8221;none&#8221; column_link_target=&#8221;_self&#8221; column_position=&#8221;default&#8221; gradient_direction=&#8221;left_to_right&#8221; overlay_strength=&#8221;0.3&#8243; width=&#8221;1\/1&#8243; tablet_width_inherit=&#8221;default&#8221; animation_type=&#8221;default&#8221; bg_image_animation=&#8221;none&#8221; border_type=&#8221;simple&#8221; column_border_width=&#8221;none&#8221; column_border_style=&#8221;solid&#8221; column_padding_type=&#8221;default&#8221; gradient_type=&#8221;default&#8221;][divider line_type=&#8221;No Line&#8221;][divider line_type=&#8221;No Line&#8221;][vc_custom_heading text=&#8221;Unsere Standorte f\u00fcr die Vermietung &#038; Verwaltung m\u00f6blierter und unm\u00f6blierter Wohnungen &#8221; font_container=&#8221;tag:h2|text_align:center&#8221; css=&#8221;&#8221;][vc_column_text css=&#8221;&#8221; text_direction=&#8221;default&#8221;]\n<p style=\"text-align: center;\">Sie haben eine Eigentumswohnungen in einen unserer Standorte und m\u00f6chten<br \/>\ndiese gerne erfolgreich vermieten oder suchen noch den richtigen Verwalter?<br \/>\nDann sind Sie hier genau richtig! Kontaktieren Sie uns gerne, um mehr \u00fcber uns zu erfahren.<\/p>\n[\/vc_column_text][divider line_type=&#8221;No Line&#8221;][nectar_btn size=&#8221;large&#8221; button_style=&#8221;regular&#8221; button_color_2=&#8221;Accent-Color&#8221; icon_family=&#8221;none&#8221; text=&#8221;Schreiben Sie uns eine Mail&#8221; margin_right=&#8221;15&#8243; url=&#8221;mailto:&#8221;][nectar_btn size=&#8221;large&#8221; button_style=&#8221;regular&#8221; button_color_2=&#8221;Accent-Color&#8221; icon_family=&#8221;none&#8221; text=&#8221;Rufen Sie uns gerne an&#8221; margin_right=&#8221;0&#8243; url=&#8221;tel:&#8221; margin_left=&#8221;15&#8243;][divider line_type=&#8221;No Line&#8221;][\/vc_column][\/vc_row][vc_row type=&#8221;in_container&#8221; full_screen_row_position=&#8221;middle&#8221; column_margin=&#8221;default&#8221; column_direction=&#8221;default&#8221; column_direction_tablet=&#8221;default&#8221; column_direction_phone=&#8221;default&#8221; scene_position=&#8221;center&#8221; text_color=&#8221;dark&#8221; text_align=&#8221;left&#8221; row_border_radius=&#8221;none&#8221; row_border_radius_applies=&#8221;bg&#8221; overflow=&#8221;visible&#8221; overlay_strength=&#8221;0.3&#8243; gradient_direction=&#8221;left_to_right&#8221; shape_divider_position=&#8221;bottom&#8221; bg_image_animation=&#8221;none&#8221;][vc_column column_padding=&#8221;no-extra-padding&#8221; column_padding_tablet=&#8221;inherit&#8221; column_padding_phone=&#8221;inherit&#8221; column_padding_position=&#8221;all&#8221; column_element_direction_desktop=&#8221;default&#8221; column_element_spacing=&#8221;default&#8221; centered_text=&#8221;true&#8221; desktop_text_alignment=&#8221;default&#8221; tablet_text_alignment=&#8221;default&#8221; phone_text_alignment=&#8221;default&#8221; background_color_opacity=&#8221;1&#8243; background_hover_color_opacity=&#8221;1&#8243; column_backdrop_filter=&#8221;none&#8221; column_shadow=&#8221;none&#8221; column_border_radius=&#8221;none&#8221; column_link_target=&#8221;_self&#8221; column_position=&#8221;default&#8221; gradient_direction=&#8221;left_to_right&#8221; overlay_strength=&#8221;0.3&#8243; width=&#8221;1\/3&#8243; tablet_width_inherit=&#8221;default&#8221; animation_type=&#8221;default&#8221; bg_image_animation=&#8221;none&#8221; border_type=&#8221;simple&#8221; column_border_width=&#8221;none&#8221; column_border_style=&#8221;solid&#8221; column_padding_type=&#8221;default&#8221; gradient_type=&#8221;default&#8221;][divider line_type=&#8221;No Line&#8221;][divider line_type=&#8221;No Line&#8221;][team_member image_url=&#8221;6567&#8243; team_memeber_style=&#8221;meta_below&#8221; link_element=&#8221;both&#8221; color=&#8221;Accent-Color&#8221; name=&#8221;Berlin&#8221; job_position=&#8221;Vermietung &amp; Verwaltung m\u00f6blierter Wohnungen in Berlin&#8221; link_url=&#8221;https:\/\/www.hope-apartments.de\/berlin\/&#8221;][\/team_member][\/vc_column][vc_column column_padding=&#8221;no-extra-padding&#8221; column_padding_tablet=&#8221;inherit&#8221; column_padding_phone=&#8221;inherit&#8221; column_padding_position=&#8221;all&#8221; column_element_direction_desktop=&#8221;default&#8221; column_element_spacing=&#8221;default&#8221; centered_text=&#8221;true&#8221; desktop_text_alignment=&#8221;default&#8221; tablet_text_alignment=&#8221;default&#8221; phone_text_alignment=&#8221;default&#8221; background_color_opacity=&#8221;1&#8243; background_hover_color_opacity=&#8221;1&#8243; column_backdrop_filter=&#8221;none&#8221; column_shadow=&#8221;none&#8221; column_border_radius=&#8221;none&#8221; column_link_target=&#8221;_self&#8221; column_position=&#8221;default&#8221; gradient_direction=&#8221;left_to_right&#8221; overlay_strength=&#8221;0.3&#8243; width=&#8221;1\/3&#8243; tablet_width_inherit=&#8221;default&#8221; animation_type=&#8221;default&#8221; bg_image_animation=&#8221;none&#8221; border_type=&#8221;simple&#8221; column_border_width=&#8221;none&#8221; column_border_style=&#8221;solid&#8221; column_padding_type=&#8221;default&#8221; gradient_type=&#8221;default&#8221;][divider line_type=&#8221;No Line&#8221;][divider line_type=&#8221;No Line&#8221;][team_member image_url=&#8221;10077&#8243; team_memeber_style=&#8221;meta_below&#8221; link_element=&#8221;both&#8221; color=&#8221;Accent-Color&#8221; name=&#8221;Frankfurt&#8221; job_position=&#8221;Vermietung &amp; Verwaltung m\u00f6blierter Wohnungen in Frankfurt am Main&#8221; link_url=&#8221;https:\/\/www.hope-apartments.de\/frankfurt\/&#8221;][\/team_member][\/vc_column][vc_column column_padding=&#8221;no-extra-padding&#8221; column_padding_tablet=&#8221;inherit&#8221; column_padding_phone=&#8221;inherit&#8221; column_padding_position=&#8221;all&#8221; column_element_direction_desktop=&#8221;default&#8221; column_element_spacing=&#8221;default&#8221; centered_text=&#8221;true&#8221; desktop_text_alignment=&#8221;default&#8221; tablet_text_alignment=&#8221;default&#8221; phone_text_alignment=&#8221;default&#8221; background_color_opacity=&#8221;1&#8243; background_hover_color_opacity=&#8221;1&#8243; column_backdrop_filter=&#8221;none&#8221; column_shadow=&#8221;none&#8221; column_border_radius=&#8221;none&#8221; column_link_target=&#8221;_self&#8221; column_position=&#8221;default&#8221; gradient_direction=&#8221;left_to_right&#8221; overlay_strength=&#8221;0.3&#8243; width=&#8221;1\/3&#8243; tablet_width_inherit=&#8221;default&#8221; animation_type=&#8221;default&#8221; bg_image_animation=&#8221;none&#8221; border_type=&#8221;simple&#8221; column_border_width=&#8221;none&#8221; column_border_style=&#8221;solid&#8221; column_padding_type=&#8221;default&#8221; gradient_type=&#8221;default&#8221;][divider line_type=&#8221;No Line&#8221;][divider line_type=&#8221;No Line&#8221;][team_member image_url=&#8221;9075&#8243; team_memeber_style=&#8221;meta_below&#8221; link_element=&#8221;both&#8221; color=&#8221;Accent-Color&#8221; name=&#8221;Stuttgart&#8221; job_position=&#8221;Vermietung &amp; Verwaltung m\u00f6blierter Wohnungen in Stuttgart&#8221; link_url=&#8221;https:\/\/www.hope-apartments.de\/stuttgart\/&#8221;][\/team_member][\/vc_column][\/vc_row]\n","protected":false},"excerpt":{"rendered":"<p>[vc_row type=&#8221;full_width_background&#8221; full_screen_row_position=&#8221;middle&#8221; column_margin=&#8221;default&#8221; column_direction=&#8221;default&#8221; column_direction_tablet=&#8221;default&#8221; column_direction_phone=&#8221;default&#8221; bg_image=&#8221;7628&#8243; bg_position=&#8221;left top&#8221; background_image_loading=&#8221;default&#8221; bg_repeat=&#8221;no-repeat&#8221; scene_position=&#8221;center&#8221; text_color=&#8221;dark&#8221; text_align=&#8221;left&#8221;&#8230;<\/p>\n","protected":false},"author":8,"featured_media":0,"parent":0,"menu_order":0,"comment_status":"closed","ping_status":"closed","template":"","meta":{"footnotes":""},"class_list":["post-10188","page","type-page","status-publish"],"yoast_head":"<!-- This site is optimized with the Yoast SEO plugin v25.6 - https:\/\/yoast.com\/wordpress\/plugins\/seo\/ -->\n<title>Standorte &#8211; Hope Apartments<\/title>\n<meta name=\"robots\" content=\"index, follow, max-snippet:-1, max-image-preview:large, max-video-preview:-1\" \/>\n<link rel=\"canonical\" href=\"https:\/\/www.hope-apartments.de\/en\/standorte\/\" \/>\n<meta property=\"og:locale\" content=\"en_US\" \/>\n<meta property=\"og:type\" content=\"article\" \/>\n<meta property=\"og:title\" content=\"Standorte &#8211; Hope Apartments\" \/>\n<meta property=\"og:description\" content=\"[vc_row type=&#8221;full_width_background&#8221; full_screen_row_position=&#8221;middle&#8221; column_margin=&#8221;default&#8221; column_direction=&#8221;default&#8221; column_direction_tablet=&#8221;default&#8221; column_direction_phone=&#8221;default&#8221; bg_image=&#8221;7628&#8243; bg_position=&#8221;left top&#8221; background_image_loading=&#8221;default&#8221; bg_repeat=&#8221;no-repeat&#8221; scene_position=&#8221;center&#8221; text_color=&#8221;dark&#8221; text_align=&#8221;left&#8221;...\" \/>\n<meta property=\"og:url\" content=\"https:\/\/www.hope-apartments.de\/en\/standorte\/\" \/>\n<meta property=\"og:site_name\" content=\"Hope Apartments\" \/>\n<meta property=\"article:modified_time\" content=\"2026-03-12T16:25:38+00:00\" \/>\n<meta name=\"twitter:card\" content=\"summary_large_image\" \/>\n<meta name=\"twitter:label1\" content=\"Est. reading time\" \/>\n\t<meta name=\"twitter:data1\" content=\"4 minutes\" \/>\n<script type=\"application\/ld+json\" class=\"yoast-schema-graph\">{\"@context\":\"https:\/\/schema.org\",\"@graph\":[{\"@type\":\"WebPage\",\"@id\":\"https:\/\/www.hope-apartments.de\/en\/standorte\/\",\"url\":\"https:\/\/www.hope-apartments.de\/en\/standorte\/\",\"name\":\"Standorte &#8211; Hope Apartments\",\"isPartOf\":{\"@id\":\"https:\/\/www.hope-apartments.de\/en\/#website\"},\"datePublished\":\"2026-03-12T16:12:31+00:00\",\"dateModified\":\"2026-03-12T16:25:38+00:00\",\"breadcrumb\":{\"@id\":\"https:\/\/www.hope-apartments.de\/en\/standorte\/#breadcrumb\"},\"inLanguage\":\"en-US\",\"potentialAction\":[{\"@type\":\"ReadAction\",\"target\":[\"https:\/\/www.hope-apartments.de\/en\/standorte\/\"]}]},{\"@type\":\"BreadcrumbList\",\"@id\":\"https:\/\/www.hope-apartments.de\/en\/standorte\/#breadcrumb\",\"itemListElement\":[{\"@type\":\"ListItem\",\"position\":1,\"name\":\"Home\",\"item\":\"https:\/\/www.hope-apartments.de\/en\/\"},{\"@type\":\"ListItem\",\"position\":2,\"name\":\"Standorte\"}]},{\"@type\":\"WebSite\",\"@id\":\"https:\/\/www.hope-apartments.de\/en\/#website\",\"url\":\"https:\/\/www.hope-apartments.de\/en\/\",\"name\":\"Hope Apartments\",\"description\":\"HOPE Apartments powered by future forward properties GmbH\",\"publisher\":{\"@id\":\"https:\/\/www.hope-apartments.de\/en\/#organization\"},\"potentialAction\":[{\"@type\":\"SearchAction\",\"target\":{\"@type\":\"EntryPoint\",\"urlTemplate\":\"https:\/\/www.hope-apartments.de\/en\/?s={search_term_string}\"},\"query-input\":{\"@type\":\"PropertyValueSpecification\",\"valueRequired\":true,\"valueName\":\"search_term_string\"}}],\"inLanguage\":\"en-US\"},{\"@type\":\"Organization\",\"@id\":\"https:\/\/www.hope-apartments.de\/en\/#organization\",\"name\":\"Hope Apartments Berlin\",\"url\":\"https:\/\/www.hope-apartments.de\/en\/\",\"logo\":{\"@type\":\"ImageObject\",\"inLanguage\":\"en-US\",\"@id\":\"https:\/\/www.hope-apartments.de\/en\/#\/schema\/logo\/image\/\",\"url\":\"https:\/\/www.hope-apartments.de\/wp-content\/uploads\/2021\/06\/Hope-Logo-Ps.png\",\"contentUrl\":\"https:\/\/www.hope-apartments.de\/wp-content\/uploads\/2021\/06\/Hope-Logo-Ps.png\",\"width\":3218,\"height\":2502,\"caption\":\"Hope Apartments Berlin\"},\"image\":{\"@id\":\"https:\/\/www.hope-apartments.de\/en\/#\/schema\/logo\/image\/\"}}]}<\/script>\n<!-- \/ Yoast SEO plugin. -->","yoast_head_json":{"title":"Standorte &#8211; Hope Apartments","robots":{"index":"index","follow":"follow","max-snippet":"max-snippet:-1","max-image-preview":"max-image-preview:large","max-video-preview":"max-video-preview:-1"},"canonical":"https:\/\/www.hope-apartments.de\/en\/standorte\/","og_locale":"en_US","og_type":"article","og_title":"Standorte &#8211; Hope Apartments","og_description":"[vc_row type=&#8221;full_width_background&#8221; full_screen_row_position=&#8221;middle&#8221; column_margin=&#8221;default&#8221; column_direction=&#8221;default&#8221; column_direction_tablet=&#8221;default&#8221; column_direction_phone=&#8221;default&#8221; bg_image=&#8221;7628&#8243; bg_position=&#8221;left top&#8221; background_image_loading=&#8221;default&#8221; bg_repeat=&#8221;no-repeat&#8221; scene_position=&#8221;center&#8221; text_color=&#8221;dark&#8221; text_align=&#8221;left&#8221;...","og_url":"https:\/\/www.hope-apartments.de\/en\/standorte\/","og_site_name":"Hope Apartments","article_modified_time":"2026-03-12T16:25:38+00:00","twitter_card":"summary_large_image","twitter_misc":{"Est. reading time":"4 minutes"},"schema":{"@context":"https:\/\/schema.org","@graph":[{"@type":"WebPage","@id":"https:\/\/www.hope-apartments.de\/en\/standorte\/","url":"https:\/\/www.hope-apartments.de\/en\/standorte\/","name":"Standorte &#8211; Hope Apartments","isPartOf":{"@id":"https:\/\/www.hope-apartments.de\/en\/#website"},"datePublished":"2026-03-12T16:12:31+00:00","dateModified":"2026-03-12T16:25:38+00:00","breadcrumb":{"@id":"https:\/\/www.hope-apartments.de\/en\/standorte\/#breadcrumb"},"inLanguage":"en-US","potentialAction":[{"@type":"ReadAction","target":["https:\/\/www.hope-apartments.de\/en\/standorte\/"]}]},{"@type":"BreadcrumbList","@id":"https:\/\/www.hope-apartments.de\/en\/standorte\/#breadcrumb","itemListElement":[{"@type":"ListItem","position":1,"name":"Home","item":"https:\/\/www.hope-apartments.de\/en\/"},{"@type":"ListItem","position":2,"name":"Standorte"}]},{"@type":"WebSite","@id":"https:\/\/www.hope-apartments.de\/en\/#website","url":"https:\/\/www.hope-apartments.de\/en\/","name":"Hope Apartments","description":"HOPE Apartments powered by future forward properties GmbH","publisher":{"@id":"https:\/\/www.hope-apartments.de\/en\/#organization"},"potentialAction":[{"@type":"SearchAction","target":{"@type":"EntryPoint","urlTemplate":"https:\/\/www.hope-apartments.de\/en\/?s={search_term_string}"},"query-input":{"@type":"PropertyValueSpecification","valueRequired":true,"valueName":"search_term_string"}}],"inLanguage":"en-US"},{"@type":"Organization","@id":"https:\/\/www.hope-apartments.de\/en\/#organization","name":"Hope Apartments Berlin","url":"https:\/\/www.hope-apartments.de\/en\/","logo":{"@type":"ImageObject","inLanguage":"en-US","@id":"https:\/\/www.hope-apartments.de\/en\/#\/schema\/logo\/image\/","url":"https:\/\/www.hope-apartments.de\/wp-content\/uploads\/2021\/06\/Hope-Logo-Ps.png","contentUrl":"https:\/\/www.hope-apartments.de\/wp-content\/uploads\/2021\/06\/Hope-Logo-Ps.png","width":3218,"height":2502,"caption":"Hope Apartments Berlin"},"image":{"@id":"https:\/\/www.hope-apartments.de\/en\/#\/schema\/logo\/image\/"}}]}},"_links":{"self":[{"href":"https:\/\/www.hope-apartments.de\/en\/wp-json\/wp\/v2\/pages\/10188","targetHints":{"allow":["GET"]}}],"collection":[{"href":"https:\/\/www.hope-apartments.de\/en\/wp-json\/wp\/v2\/pages"}],"about":[{"href":"https:\/\/www.hope-apartments.de\/en\/wp-json\/wp\/v2\/types\/page"}],"author":[{"embeddable":true,"href":"https:\/\/www.hope-apartments.de\/en\/wp-json\/wp\/v2\/users\/8"}],"replies":[{"embeddable":true,"href":"https:\/\/www.hope-apartments.de\/en\/wp-json\/wp\/v2\/comments?post=10188"}],"version-history":[{"count":2,"href":"https:\/\/www.hope-apartments.de\/en\/wp-json\/wp\/v2\/pages\/10188\/revisions"}],"predecessor-version":[{"id":10190,"href":"https:\/\/www.hope-apartments.de\/en\/wp-json\/wp\/v2\/pages\/10188\/revisions\/10190"}],"wp:attachment":[{"href":"https:\/\/www.hope-apartments.de\/en\/wp-json\/wp\/v2\/media?parent=10188"}],"curies":[{"name":"wp","href":"https:\/\/api.w.org\/{rel}","templated":true}]}}